{"id":4511,"date":"2024-07-31T14:09:14","date_gmt":"2024-07-31T14:09:14","guid":{"rendered":"https:\/\/novesthetica.com\/consejo-legal\/"},"modified":"2024-07-31T16:30:04","modified_gmt":"2024-07-31T16:30:04","slug":"consejo-legal","status":"publish","type":"page","link":"https:\/\/novesthetica.com\/es\/consejo-legal\/","title":{"rendered":"Consejo Legal"},"content":{"rendered":"\n<h2><strong>Aviso Legal:<\/strong><strong>\u00a0Condiciones Generales de Uso del Sitio Web Novesthetica<\/strong><\/h2>\n\n\n\n<p><\/p>\n\n\n\n<p><h3><strong>Datos de Identificaci\u00f3n<\/strong><\/h3><\/p>\n\n\n\n<p>El presente aviso legal incluye las condiciones generales que rigen el acceso y uso del sitio web http:\/\/www.novesthetica.com (en adelante, el Sitio Web), cuya propiedad pertenece a Novesthetica (en adelante, Novesthetica), con domicilio social y direcci\u00f3n fiscal en Be\u015fyol Mahallesi, Akasya Sokak 34295, 2. Kat K\u00fc\u00e7\u00fck\u00e7ekmece \/ Estambul, Turqu\u00eda, as\u00ed como una direcci\u00f3n de correo electr\u00f3nico general info@novesthetica.com.<\/p>\n\n\n\n<p><h3><strong>Acceso y Uso del Sitio Web<\/strong><\/h3><\/p>\n\n\n\n<p>El acceso y uso del Sitio Web implican la aceptaci\u00f3n expresa y completa de estas Condiciones Generales en la versi\u00f3n publicada en el momento en que el usuario accede al mismo, sin perjuicio de las condiciones particulares que puedan aplicarse a ciertos servicios espec\u00edficos del Sitio Web.<\/p>\n\n\n\n<p>Novesthetica puede modificar estas Condiciones Generales en cualquier momento, reflejando su contenido en esta secci\u00f3n del Sitio Web.<\/p>\n\n\n\n<p>Los usuarios acceden al Sitio Web de forma libre y gratuita, aunque Novesthetica se reserva el derecho de limitar el acceso a ciertos contenidos o servicios, requiriendo un registro previo de sus datos.<\/p>\n\n\n\n<p>Al utilizar el Sitio Web, el usuario se compromete a no adoptar comportamientos que puedan da\u00f1ar la imagen, los intereses y los derechos de Novesthetica o de terceros, o que puedan da\u00f1ar, sobrecargar, disminuir o impedir el uso normal de este sitio.<\/p>\n\n\n\n<p>El usuario se compromete a hacer un uso adecuado de los contenidos y servicios (como servicios de chat, foros de discusi\u00f3n o grupos de noticias) que Novesthetica ofrece a trav\u00e9s del Sitio Web y, a t\u00edtulo de ejemplo pero no limitativo, a no utilizarlos para (i) difundir contenidos o propaganda de car\u00e1cter racista, xen\u00f3fobo, pornogr\u00e1fico, en apoyo al terrorismo o una agresi\u00f3n a los derechos humanos, o en general contenidos susceptibles de ofender las sensibilidades de las personas; (ii) causar da\u00f1os a los sistemas f\u00edsicos y l\u00f3gicos de Novesthetica, de sus proveedores o de terceros; (iii) intentar acceder a las cuentas de correo electr\u00f3nico de otros usuarios y, en su caso, utilizarlas y modificar o manipular sus mensajes.<\/p>\n\n\n\n<p>Novesthetica se reserva el derecho de retirar todos los comentarios y aportaciones que infrinjan el respeto a la dignidad de la persona, que sean discriminatorios, xen\u00f3fobos, racistas, pornogr\u00e1ficos, que atenten contra la juventud o la infancia, el orden o la seguridad p\u00fablica, o que, a su juicio, no sean adecuados para su publicaci\u00f3n.<\/p>\n\n\n\n<p>Novesthetica se reserva el derecho de interrumpir el acceso al Sitio Web en cualquier momento y sin previo aviso, ya sea por razones t\u00e9cnicas, de seguridad, de control, de mantenimiento, debido a fallos de energ\u00eda, o por cualquier otra raz\u00f3n. Esta interrupci\u00f3n puede ser temporal o permanente, en cuyo caso esta circunstancia ser\u00e1 comunicada a los usuarios, que pueden sufrir la p\u00e9rdida, en su caso, de la informaci\u00f3n almacenada en los distintos servicios, sin dar lugar a ninguna compensaci\u00f3n.<\/p>\n\n\n\n<p><h3><strong>Contenidos<\/strong><\/h3><\/p>\n\n\n\n<p>Los contenidos del Sitio Web est\u00e1n a disposici\u00f3n del usuario por Novesthetica con informaci\u00f3n proveniente de sus propias fuentes y de terceros.<\/p>\n\n\n\n<p>Novesthetica se reserva el derecho de modificar en cualquier momento la presentaci\u00f3n, configuraci\u00f3n y localizaci\u00f3n del Sitio Web, as\u00ed como los contenidos, servicios y condiciones necesarias para su uso cuando lo considere oportuno o con el fin de adaptarse a los cambios legislativos y tecnol\u00f3gicos. Estas modificaciones ser\u00e1n v\u00e1lidas desde su publicaci\u00f3n en el Sitio Web.<\/p>\n\n\n\n<p><h3><strong>Derechos de Propiedad Industrial e Intelectual<\/strong><\/h3><\/p>\n\n\n\n<p>Novesthetica posee la propiedad del Sitio Web. Todos los derechos de propiedad industrial e intelectual de este portal de Internet est\u00e1n legalmente reservados, por lo que el acceso al mismo o su uso por el usuario no debe considerarse en ning\u00fan caso como la concesi\u00f3n de una licencia de uso o derecho sobre cualquier activo.<\/p>\n\n\n\n<p>Los usuarios del Sitio Web solo pueden hacer un uso personal y privado de sus contenidos. Queda absolutamente prohibido el uso del Sitio Web o cualquiera de sus elementos con fines comerciales o il\u00edcitos.<\/p>\n\n\n\n<p>Ning\u00fan acto de reproducci\u00f3n, modificaci\u00f3n, distribuci\u00f3n o comunicaci\u00f3n p\u00fablica del Sitio Web puede ser realizado sin el consentimiento previo por escrito de Novesthetica. Se proh\u00edbe la reproducci\u00f3n de los contenidos del Sitio Web, salvo si est\u00e1 legalmente permitida y se cita la fuente o, en su defecto, que se autorice por escrito lo contrario. En los casos en que se produzca la autorizaci\u00f3n escrita previa necesaria, dicha autorizaci\u00f3n sustituir\u00e1 la prohibici\u00f3n general mencionada anteriormente y mencionar\u00e1 claramente las restricciones de uso posibles.<\/p>\n\n\n\n<p>El usuario debe abstenerse de eliminar, alterar, eludir o manipular cualquier dispositivo de protecci\u00f3n o sistema de seguridad que pudiera estar instalado en las p\u00e1ginas de Novesthetica.<\/p>\n\n\n\n<p>Novesthetica no asumir\u00e1 ninguna responsabilidad derivada del uso por parte de terceros de los contenidos del Sitio Web y puede ejercer todas las acciones civiles o penales que le correspondan en caso de infracci\u00f3n de estos derechos por parte del usuario.<\/p>\n\n\n\n<p><h3><strong>Hiperv\u00ednculos y Sitios Enlazados<\/strong><\/h3><\/p>\n\n\n\n<p><h4>a) Hiperv\u00ednculos<\/h4><\/p>\n\n\n\n<p>El usuario y, en general, cualquier persona f\u00edsica o jur\u00eddica que pretenda establecer un hiperv\u00ednculo o dispositivo de enlace t\u00e9cnico desde su propio sitio web al Sitio Web debe obtener una autorizaci\u00f3n previa por escrito de Novesthetica.<\/p>\n\n\n\n<p>El establecimiento del hiperv\u00ednculo no implica en ning\u00fan caso la existencia de relaciones entre Novesthetica y el propietario del sitio o de la p\u00e1gina web en la que se establezca, ni la aceptaci\u00f3n o aprobaci\u00f3n por parte de Novesthetica de sus contenidos o servicios.<\/p>\n\n\n\n<p>En todo caso, Novesthetica se reserva el derecho de prohibir o desactivar cualquier hiperv\u00ednculo al Sitio Web en cualquier momento, especialmente en caso de ilegalidad de la actividad o del contenido del sitio web en el que se incluya el hiperv\u00ednculo.<\/p>\n\n\n\n<p><h4>b) Sitios Enlazados<\/h4><\/p>\n\n\n\n<p>El Sitio Web pone a disposici\u00f3n del usuario, solo para la b\u00fasqueda y acceso, informaci\u00f3n, contenidos y servicios disponibles en Internet, hiperv\u00ednculos o dispositivos t\u00e9cnicos de enlace, que permiten al usuario acceder a sitios o portales de Internet pertenecientes o gestionados por terceros.<\/p>\n\n\n\n<p>Novesthetica no ofrece ni comercializa, por s\u00ed misma o a trav\u00e9s de terceros, la informaci\u00f3n, contenidos y servicios disponibles en los sitios enlazados, ni aprueba, supervisa o controla de ninguna manera los contenidos y servicios o cualquier material de cualquier naturaleza existente en los mismos, asumiendo el usuario la exclusiva responsabilidad de la navegaci\u00f3n a trav\u00e9s de ellos. Asimismo, Novesthetica no garantiza la ausencia de virus u otros elementos en los sitios enlazados que puedan causar alteraciones en el sistema inform\u00e1tico (hardware y software), en los documentos o archivos del usuario, excluyendo cualquier responsabilidad por los da\u00f1os de cualquier tipo causados al usuario por esta raz\u00f3n.<\/p>\n\n\n\n<p><\/p>\n\n\n\n<h2 class=\"wp-block-heading\"><strong>Exclusi\u00f3n de Responsabilidad<\/strong><\/h2>\n\n\n\n<p><\/p>\n\n\n\n<p>Novesthetica adopta medidas de seguridad razonablemente apropiadas para detectar la existencia de virus. Sin embargo, Novesthetica no puede garantizar la invulnerabilidad absoluta de sus sistemas de seguridad, excluyendo as\u00ed cualquier tipo de responsabilidad por los da\u00f1os de cualquier naturaleza que puedan ser causados por la presencia de virus u otros elementos que puedan causar alteraciones en el sistema inform\u00e1tico (software y hardware), documentos electr\u00f3nicos y archivos del usuario o de terceros.<\/p>\n\n\n\n<p>Novesthetica no es responsable de posibles fallos que puedan ocurrir en las comunicaciones y no garantiza la disponibilidad y continuidad del funcionamiento de su sitio web, ni la posible ausencia de interrupciones o errores en el acceso al sitio web o a su contenido.<\/p>\n\n\n\n<p>En cualquier caso, Novesthetica no ser\u00e1 responsable de las opiniones expresadas por los usuarios a trav\u00e9s de foros, chats u otras herramientas de participaci\u00f3n.<\/p>\n\n\n\n<p><\/p>\n\n\n\n<p><strong>Novesthetica<\/strong><br><strong>Be\u015fyol Mahallesi, Akasya Sokak 34295, 2. Kat K\u00fc\u00e7\u00fck\u00e7ekmece \/ Estambul, Turqu\u00eda<\/strong><\/p>\n","protected":false},"excerpt":{"rendered":"<p>Datos de Identificaci\u00f3n El presente aviso legal incluye las condiciones generales que rigen el acceso y uso del sitio web http:\/\/www.novesthetica.com (en adelante, el Sitio Web), cuya propiedad pertenece a Novesthetica (en adelante, Novesthetica), con domicilio social y direcci\u00f3n fiscal en Be\u015fyol Mahallesi, Akasya Sokak 34295, 2. Kat K\u00fc\u00e7\u00fck\u00e7ekmece \/ Estambul, Turqu\u00eda, as\u00ed como una&#8230;<\/p>\n","protected":false},"author":4,"featured_media":0,"parent":0,"menu_order":0,"comment_status":"closed","ping_status":"closed","template":"","meta":{"_joinchat":[],"footnotes":""},"class_list":["post-4511","page","type-page","status-publish","hentry"],"_links":{"self":[{"href":"https:\/\/novesthetica.com\/es\/wp-json\/wp\/v2\/pages\/4511","targetHints":{"allow":["GET"]}}],"collection":[{"href":"https:\/\/novesthetica.com\/es\/wp-json\/wp\/v2\/pages"}],"about":[{"href":"https:\/\/novesthetica.com\/es\/wp-json\/wp\/v2\/types\/page"}],"author":[{"embeddable":true,"href":"https:\/\/novesthetica.com\/es\/wp-json\/wp\/v2\/users\/4"}],"replies":[{"embeddable":true,"href":"https:\/\/novesthetica.com\/es\/wp-json\/wp\/v2\/comments?post=4511"}],"version-history":[{"count":5,"href":"https:\/\/novesthetica.com\/es\/wp-json\/wp\/v2\/pages\/4511\/revisions"}],"predecessor-version":[{"id":4519,"href":"https:\/\/novesthetica.com\/es\/wp-json\/wp\/v2\/pages\/4511\/revisions\/4519"}],"wp:attachment":[{"href":"https:\/\/novesthetica.com\/es\/wp-json\/wp\/v2\/media?parent=4511"}],"curies":[{"name":"wp","href":"https:\/\/api.w.org\/{rel}","templated":true}]}}